{"id":277,"date":"2023-03-20T14:49:21","date_gmt":"2023-03-20T17:49:21","guid":{"rendered":"https:\/\/joelingtonrios.com.br\/?page_id=277"},"modified":"2023-05-26T16:04:52","modified_gmt":"2023-05-26T19:04:52","slug":"museus-e-colecoes","status":"publish","type":"page","link":"https:\/\/joelingtonrios.com.br\/?page_id=277","title":{"rendered":"Museus e cole\u00e7\u00f5es"},"content":{"rendered":"\t\t<div data-elementor-type=\"wp-page\" data-elementor-id=\"277\" class=\"elementor elementor-277\">\n\t\t\t\t\t\t<section class=\"elementor-section elementor-top-section elementor-element elementor-element-0cfe89c elementor-section-full_width elementor-section-height-default elementor-section-height-default\" data-id=\"0cfe89c\" data-element_type=\"section\" data-e-type=\"section\">\n\t\t\t\t\t\t<div class=\"elementor-container elementor-column-gap-default\">\n\t\t\t\t\t<div class=\"elementor-column elementor-col-33 elementor-top-column elementor-element elementor-element-1d50ec3\" data-id=\"1d50ec3\" data-element_type=\"column\" data-e-type=\"column\">\n\t\t\t<div class=\"elementor-widget-wrap elementor-element-populated\">\n\t\t\t\t\t\t<div class=\"elementor-element elementor-element-259fc01 elementor-nav-menu--dropdown-tablet elementor-nav-menu__text-align-aside elementor-nav-menu--toggle elementor-nav-menu--burger elementor-widget elementor-widget-nav-menu\" data-id=\"259fc01\" data-element_type=\"widget\" data-e-type=\"widget\" data-settings=\"{&quot;layout&quot;:&quot;vertical&quot;,&quot;submenu_icon&quot;:{&quot;value&quot;:&quot;&lt;i class=\\&quot;fas fa-caret-right\\&quot;&gt;&lt;\\\/i&gt;&quot;,&quot;library&quot;:&quot;fa-solid&quot;},&quot;toggle&quot;:&quot;burger&quot;}\" data-widget_type=\"nav-menu.default\">\n\t\t\t\t<div class=\"elementor-widget-container\">\n\t\t\t\t\t\t\t\t<nav migration_allowed=\"1\" migrated=\"0\" role=\"navigation\" class=\"elementor-nav-menu--main elementor-nav-menu__container elementor-nav-menu--layout-vertical e--pointer-none\">\n\t\t\t\t<ul id=\"menu-1-259fc01\" class=\"elementor-nav-menu sm-vertical\"><li class=\"menu-item menu-item-type-post_type menu-item-object-page menu-item-has-children menu-item-40\"><a href=\"https:\/\/joelingtonrios.com.br\/?page_id=30\" class=\"elementor-item\">PORTF\u00d3LIO<\/a>\n<ul class=\"sub-menu elementor-nav-menu--dropdown\">\n\t<li class=\"menu-item menu-item-type-post_type menu-item-object-page menu-item-184\"><a href=\"https:\/\/joelingtonrios.com.br\/?page_id=70\" class=\"elementor-sub-item\">Entre rios e mocambos<\/a><\/li>\n\t<li class=\"menu-item menu-item-type-post_type menu-item-object-page menu-item-183\"><a href=\"https:\/\/joelingtonrios.com.br\/?page_id=72\" class=\"elementor-sub-item\">O que sustenta o rio<\/a><\/li>\n\t<li class=\"menu-item menu-item-type-post_type menu-item-object-page menu-item-265\"><a href=\"https:\/\/joelingtonrios.com.br\/?page_id=233\" class=\"elementor-sub-item\">Um jardim para minhas av\u00f3s<\/a><\/li>\n<\/ul>\n<\/li>\n<li class=\"menu-item menu-item-type-post_type menu-item-object-page menu-item-has-children menu-item-409\"><a href=\"https:\/\/joelingtonrios.com.br\/?page_id=281\" class=\"elementor-item\">TEXTOS E PUBLICA\u00c7\u00d5ES<\/a>\n<ul class=\"sub-menu elementor-nav-menu--dropdown\">\n\t<li class=\"menu-item menu-item-type-post_type menu-item-object-page menu-item-408\"><a href=\"https:\/\/joelingtonrios.com.br\/?page_id=353\" class=\"elementor-sub-item\">Biografia<\/a><\/li>\n\t<li class=\"menu-item menu-item-type-post_type menu-item-object-page menu-item-411\"><a href=\"https:\/\/joelingtonrios.com.br\/?page_id=272\" class=\"elementor-sub-item\">Publica\u00e7\u00f5es<\/a><\/li>\n\t<li class=\"menu-item menu-item-type-post_type menu-item-object-page menu-item-412\"><a href=\"https:\/\/joelingtonrios.com.br\/?page_id=270\" class=\"elementor-sub-item\">Textos selecionados<\/a><\/li>\n<\/ul>\n<\/li>\n<li class=\"menu-item menu-item-type-post_type menu-item-object-page menu-item-410\"><a href=\"https:\/\/joelingtonrios.com.br\/?page_id=277\" class=\"elementor-item\">MUSEUS E COLE\u00c7\u00d5ES<\/a><\/li>\n<li class=\"menu-item menu-item-type-post_type menu-item-object-page menu-item-549\"><a href=\"https:\/\/joelingtonrios.com.br\/?page_id=511\" class=\"elementor-item\">CONTRIBUIDORES<\/a><\/li>\n<li class=\"menu-item menu-item-type-post_type menu-item-object-page menu-item-145\"><a href=\"https:\/\/joelingtonrios.com.br\/?page_id=140\" class=\"elementor-item\">CLIPPING<\/a><\/li>\n<li class=\"menu-item menu-item-type-post_type menu-item-object-page menu-item-264\"><a href=\"https:\/\/joelingtonrios.com.br\/?page_id=191\" class=\"elementor-item\">V\u00cdDEOS<\/a><\/li>\n<li class=\"menu-item menu-item-type-post_type menu-item-object-page menu-item-38\"><a href=\"https:\/\/joelingtonrios.com.br\/?page_id=36\" class=\"elementor-item\">CONTATO<\/a><\/li>\n<\/ul>\t\t\t<\/nav>\n\t\t\t\t\t<div class=\"elementor-menu-toggle\" role=\"button\" tabindex=\"0\" aria-label=\"Menu Toggle\" aria-expanded=\"false\">\n\t\t\t<i aria-hidden=\"true\" role=\"presentation\" class=\"elementor-menu-toggle__icon--open eicon-menu-bar\"><\/i><i aria-hidden=\"true\" role=\"presentation\" class=\"elementor-menu-toggle__icon--close eicon-close\"><\/i>\t\t\t<span class=\"elementor-screen-only\">Menu<\/span>\n\t\t<\/div>\n\t\t\t<nav class=\"elementor-nav-menu--dropdown elementor-nav-menu__container\" role=\"navigation\" aria-hidden=\"true\">\n\t\t\t\t<ul id=\"menu-2-259fc01\" class=\"elementor-nav-menu sm-vertical\"><li class=\"menu-item menu-item-type-post_type menu-item-object-page menu-item-has-children menu-item-40\"><a href=\"https:\/\/joelingtonrios.com.br\/?page_id=30\" class=\"elementor-item\" tabindex=\"-1\">PORTF\u00d3LIO<\/a>\n<ul class=\"sub-menu elementor-nav-menu--dropdown\">\n\t<li class=\"menu-item menu-item-type-post_type menu-item-object-page menu-item-184\"><a href=\"https:\/\/joelingtonrios.com.br\/?page_id=70\" class=\"elementor-sub-item\" tabindex=\"-1\">Entre rios e mocambos<\/a><\/li>\n\t<li class=\"menu-item menu-item-type-post_type menu-item-object-page menu-item-183\"><a href=\"https:\/\/joelingtonrios.com.br\/?page_id=72\" class=\"elementor-sub-item\" tabindex=\"-1\">O que sustenta o rio<\/a><\/li>\n\t<li class=\"menu-item menu-item-type-post_type menu-item-object-page menu-item-265\"><a href=\"https:\/\/joelingtonrios.com.br\/?page_id=233\" class=\"elementor-sub-item\" tabindex=\"-1\">Um jardim para minhas av\u00f3s<\/a><\/li>\n<\/ul>\n<\/li>\n<li class=\"menu-item menu-item-type-post_type menu-item-object-page menu-item-has-children menu-item-409\"><a href=\"https:\/\/joelingtonrios.com.br\/?page_id=281\" class=\"elementor-item\" tabindex=\"-1\">TEXTOS E PUBLICA\u00c7\u00d5ES<\/a>\n<ul class=\"sub-menu elementor-nav-menu--dropdown\">\n\t<li class=\"menu-item menu-item-type-post_type menu-item-object-page menu-item-408\"><a href=\"https:\/\/joelingtonrios.com.br\/?page_id=353\" class=\"elementor-sub-item\" tabindex=\"-1\">Biografia<\/a><\/li>\n\t<li class=\"menu-item menu-item-type-post_type menu-item-object-page menu-item-411\"><a href=\"https:\/\/joelingtonrios.com.br\/?page_id=272\" class=\"elementor-sub-item\" tabindex=\"-1\">Publica\u00e7\u00f5es<\/a><\/li>\n\t<li class=\"menu-item menu-item-type-post_type menu-item-object-page menu-item-412\"><a href=\"https:\/\/joelingtonrios.com.br\/?page_id=270\" class=\"elementor-sub-item\" tabindex=\"-1\">Textos selecionados<\/a><\/li>\n<\/ul>\n<\/li>\n<li class=\"menu-item menu-item-type-post_type menu-item-object-page menu-item-410\"><a href=\"https:\/\/joelingtonrios.com.br\/?page_id=277\" class=\"elementor-item\" tabindex=\"-1\">MUSEUS E COLE\u00c7\u00d5ES<\/a><\/li>\n<li class=\"menu-item menu-item-type-post_type menu-item-object-page menu-item-549\"><a href=\"https:\/\/joelingtonrios.com.br\/?page_id=511\" class=\"elementor-item\" tabindex=\"-1\">CONTRIBUIDORES<\/a><\/li>\n<li class=\"menu-item menu-item-type-post_type menu-item-object-page menu-item-145\"><a href=\"https:\/\/joelingtonrios.com.br\/?page_id=140\" class=\"elementor-item\" tabindex=\"-1\">CLIPPING<\/a><\/li>\n<li class=\"menu-item menu-item-type-post_type menu-item-object-page menu-item-264\"><a href=\"https:\/\/joelingtonrios.com.br\/?page_id=191\" class=\"elementor-item\" tabindex=\"-1\">V\u00cdDEOS<\/a><\/li>\n<li class=\"menu-item menu-item-type-post_type menu-item-object-page menu-item-38\"><a href=\"https:\/\/joelingtonrios.com.br\/?page_id=36\" class=\"elementor-item\" tabindex=\"-1\">CONTATO<\/a><\/li>\n<\/ul>\t\t\t<\/nav>\n\t\t\t\t\t\t<\/div>\n\t\t\t\t<\/div>\n\t\t\t\t\t<\/div>\n\t\t<\/div>\n\t\t\t\t<div class=\"elementor-column elementor-col-66 elementor-top-column elementor-element elementor-element-f636c2c\" data-id=\"f636c2c\" data-element_type=\"column\" data-e-type=\"column\">\n\t\t\t<div class=\"elementor-widget-wrap elementor-element-populated\">\n\t\t\t\t\t\t<section class=\"elementor-section elementor-inner-section elementor-element elementor-element-f4d250b elementor-section-full_width elementor-section-height-default elementor-section-height-default\" data-id=\"f4d250b\" data-element_type=\"section\" data-e-type=\"section\">\n\t\t\t\t\t\t<div class=\"elementor-container elementor-column-gap-default\">\n\t\t\t\t\t<div class=\"elementor-column elementor-col-100 elementor-inner-column elementor-element elementor-element-d229019\" data-id=\"d229019\" data-element_type=\"column\" data-e-type=\"column\">\n\t\t\t<div class=\"elementor-widget-wrap elementor-element-populated\">\n\t\t\t\t\t\t<div class=\"elementor-element elementor-element-be38b56 elementor-widget elementor-widget-heading\" data-id=\"be38b56\" data-element_type=\"widget\" data-e-type=\"widget\" data-widget_type=\"heading.default\">\n\t\t\t\t<div class=\"elementor-widget-container\">\n\t\t\t\t\t<h2 class=\"elementor-heading-title elementor-size-default\">MUSEUS E COLE\u00c7\u00d5ES<\/h2>\t\t\t\t<\/div>\n\t\t\t\t<\/div>\n\t\t\t\t<div class=\"elementor-element elementor-element-2a11bec elementor-widget elementor-widget-text-editor\" data-id=\"2a11bec\" data-element_type=\"widget\" data-e-type=\"widget\" data-widget_type=\"text-editor.default\">\n\t\t\t\t<div class=\"elementor-widget-container\">\n\t\t\t\t\t\t\t\t\t<p><a href=\"https:\/\/museudeartedorio.org.br\" target=\"_blank\" rel=\"noopener\">Museu de Arte do Rio | MAR, Rio de Janeiro &#8211; BR<\/a><br \/><a href=\"https:\/\/www.rio.rj.gov.br\/web\/muhcab\" target=\"_blank\" rel=\"noopener\">Museu da Hist\u00f3ria e da Cultura Afro-brasileira | MUCAB, Rio de Janeiro &#8211; BR<\/a><br \/><a href=\"http:\/\/inclusartiz.org\/en\/home-en\/\" target=\"_blank\" rel=\"noopener\">Inclusartiz Institute collection, Rio de Janeiro &#8211; BR<\/a><br \/><a href=\"https:\/\/www.pandorapix.com\" target=\"_blank\" rel=\"noopener\">PandoraPix<\/a><br \/>Frances Reynolds collection<br \/>Luiz Mussnich collection<br \/>Vicente De Mello<br \/><br \/><\/p>\t\t\t\t\t\t\t\t<\/div>\n\t\t\t\t<\/div>\n\t\t\t\t\t<\/div>\n\t\t<\/div>\n\t\t\t\t\t<\/div>\n\t\t<\/section>\n\t\t\t\t\t<\/div>\n\t\t<\/div>\n\t\t\t\t\t<\/div>\n\t\t<\/section>\n\t\t\t\t<\/div>\n\t\t","protected":false},"excerpt":{"rendered":"<p>MUSEUS E COLE\u00c7\u00d5ES Museu de Arte do Rio | MAR, Rio de Janeiro &#8211; BRMuseu da Hist\u00f3ria e da Cultura Afro-brasileira | MUCAB, Rio de Janeiro &#8211; BRInclusartiz Institute collection, Rio de Janeiro &#8211; BRPandoraPixFrances Reynolds collectionLuiz Mussnich collectionVicente De Mello<\/p>\n","protected":false},"author":2,"featured_media":0,"parent":0,"menu_order":0,"comment_status":"closed","ping_status":"closed","template":"page-templates\/template-pagebuilder-full-width.php","meta":{"neve_meta_sidebar":"","neve_meta_container":"","neve_meta_enable_content_width":"","neve_meta_content_width":0,"neve_meta_title_alignment":"","neve_meta_author_avatar":"","neve_post_elements_order":"","neve_meta_disable_header":"","neve_meta_disable_footer":"","neve_meta_disable_title":"","footnotes":""},"class_list":["post-277","page","type-page","status-publish","hentry"],"_links":{"self":[{"href":"https:\/\/joelingtonrios.com.br\/index.php?rest_route=\/wp\/v2\/pages\/277","targetHints":{"allow":["GET"]}}],"collection":[{"href":"https:\/\/joelingtonrios.com.br\/index.php?rest_route=\/wp\/v2\/pages"}],"about":[{"href":"https:\/\/joelingtonrios.com.br\/index.php?rest_route=\/wp\/v2\/types\/page"}],"author":[{"embeddable":true,"href":"https:\/\/joelingtonrios.com.br\/index.php?rest_route=\/wp\/v2\/users\/2"}],"replies":[{"embeddable":true,"href":"https:\/\/joelingtonrios.com.br\/index.php?rest_route=%2Fwp%2Fv2%2Fcomments&post=277"}],"version-history":[{"count":22,"href":"https:\/\/joelingtonrios.com.br\/index.php?rest_route=\/wp\/v2\/pages\/277\/revisions"}],"predecessor-version":[{"id":554,"href":"https:\/\/joelingtonrios.com.br\/index.php?rest_route=\/wp\/v2\/pages\/277\/revisions\/554"}],"wp:attachment":[{"href":"https:\/\/joelingtonrios.com.br\/index.php?rest_route=%2Fwp%2Fv2%2Fmedia&parent=277"}],"curies":[{"name":"wp","href":"https:\/\/api.w.org\/{rel}","templated":true}]}}