{"id":353,"date":"2023-03-21T15:06:21","date_gmt":"2023-03-21T18:06:21","guid":{"rendered":"https:\/\/joelingtonrios.com.br\/?page_id=353"},"modified":"2023-05-23T12:26:24","modified_gmt":"2023-05-23T15:26:24","slug":"biografia","status":"publish","type":"page","link":"https:\/\/joelingtonrios.com.br\/?page_id=353","title":{"rendered":"Biografia"},"content":{"rendered":"\t\t<div data-elementor-type=\"wp-page\" data-elementor-id=\"353\" class=\"elementor elementor-353\">\n\t\t\t\t\t\t<section class=\"elementor-section elementor-top-section elementor-element elementor-element-e48fadd elementor-section-full_width elementor-section-height-default elementor-section-height-default\" data-id=\"e48fadd\" data-element_type=\"section\" data-e-type=\"section\">\n\t\t\t\t\t\t<div class=\"elementor-container elementor-column-gap-default\">\n\t\t\t\t\t<div class=\"elementor-column elementor-col-33 elementor-top-column elementor-element elementor-element-a9cdc29\" data-id=\"a9cdc29\" data-element_type=\"column\" data-e-type=\"column\">\n\t\t\t<div class=\"elementor-widget-wrap elementor-element-populated\">\n\t\t\t\t\t\t<div class=\"elementor-element elementor-element-edd82e5 elementor-nav-menu--dropdown-tablet elementor-nav-menu__text-align-aside elementor-nav-menu--toggle elementor-nav-menu--burger elementor-widget elementor-widget-nav-menu\" data-id=\"edd82e5\" data-element_type=\"widget\" data-e-type=\"widget\" data-settings=\"{&quot;layout&quot;:&quot;vertical&quot;,&quot;submenu_icon&quot;:{&quot;value&quot;:&quot;&lt;i class=\\&quot;fas fa-caret-right\\&quot;&gt;&lt;\\\/i&gt;&quot;,&quot;library&quot;:&quot;fa-solid&quot;},&quot;toggle&quot;:&quot;burger&quot;}\" data-widget_type=\"nav-menu.default\">\n\t\t\t\t<div class=\"elementor-widget-container\">\n\t\t\t\t\t\t\t\t<nav migration_allowed=\"1\" migrated=\"0\" role=\"navigation\" class=\"elementor-nav-menu--main elementor-nav-menu__container elementor-nav-menu--layout-vertical e--pointer-none\">\n\t\t\t\t<ul id=\"menu-1-edd82e5\" class=\"elementor-nav-menu sm-vertical\"><li class=\"menu-item menu-item-type-post_type menu-item-object-page menu-item-has-children menu-item-40\"><a href=\"https:\/\/joelingtonrios.com.br\/?page_id=30\" class=\"elementor-item\">PORTF\u00d3LIO<\/a>\n<ul class=\"sub-menu elementor-nav-menu--dropdown\">\n\t<li class=\"menu-item menu-item-type-post_type menu-item-object-page menu-item-184\"><a href=\"https:\/\/joelingtonrios.com.br\/?page_id=70\" class=\"elementor-sub-item\">Entre rios e mocambos<\/a><\/li>\n\t<li class=\"menu-item menu-item-type-post_type menu-item-object-page menu-item-183\"><a href=\"https:\/\/joelingtonrios.com.br\/?page_id=72\" class=\"elementor-sub-item\">O que sustenta o rio<\/a><\/li>\n\t<li class=\"menu-item menu-item-type-post_type menu-item-object-page menu-item-265\"><a href=\"https:\/\/joelingtonrios.com.br\/?page_id=233\" class=\"elementor-sub-item\">Um jardim para minhas av\u00f3s<\/a><\/li>\n<\/ul>\n<\/li>\n<li class=\"menu-item menu-item-type-post_type menu-item-object-page menu-item-has-children menu-item-409\"><a href=\"https:\/\/joelingtonrios.com.br\/?page_id=281\" class=\"elementor-item\">TEXTOS E PUBLICA\u00c7\u00d5ES<\/a>\n<ul class=\"sub-menu elementor-nav-menu--dropdown\">\n\t<li class=\"menu-item menu-item-type-post_type menu-item-object-page menu-item-408\"><a href=\"https:\/\/joelingtonrios.com.br\/?page_id=353\" class=\"elementor-sub-item\">Biografia<\/a><\/li>\n\t<li class=\"menu-item menu-item-type-post_type menu-item-object-page menu-item-411\"><a href=\"https:\/\/joelingtonrios.com.br\/?page_id=272\" class=\"elementor-sub-item\">Publica\u00e7\u00f5es<\/a><\/li>\n\t<li class=\"menu-item menu-item-type-post_type menu-item-object-page menu-item-412\"><a href=\"https:\/\/joelingtonrios.com.br\/?page_id=270\" class=\"elementor-sub-item\">Textos selecionados<\/a><\/li>\n<\/ul>\n<\/li>\n<li class=\"menu-item menu-item-type-post_type menu-item-object-page menu-item-410\"><a href=\"https:\/\/joelingtonrios.com.br\/?page_id=277\" class=\"elementor-item\">MUSEUS E COLE\u00c7\u00d5ES<\/a><\/li>\n<li class=\"menu-item menu-item-type-post_type menu-item-object-page menu-item-549\"><a href=\"https:\/\/joelingtonrios.com.br\/?page_id=511\" class=\"elementor-item\">CONTRIBUIDORES<\/a><\/li>\n<li class=\"menu-item menu-item-type-post_type menu-item-object-page menu-item-145\"><a href=\"https:\/\/joelingtonrios.com.br\/?page_id=140\" class=\"elementor-item\">CLIPPING<\/a><\/li>\n<li class=\"menu-item menu-item-type-post_type menu-item-object-page menu-item-264\"><a href=\"https:\/\/joelingtonrios.com.br\/?page_id=191\" class=\"elementor-item\">V\u00cdDEOS<\/a><\/li>\n<li class=\"menu-item menu-item-type-post_type menu-item-object-page menu-item-38\"><a href=\"https:\/\/joelingtonrios.com.br\/?page_id=36\" class=\"elementor-item\">CONTATO<\/a><\/li>\n<\/ul>\t\t\t<\/nav>\n\t\t\t\t\t<div class=\"elementor-menu-toggle\" role=\"button\" tabindex=\"0\" aria-label=\"Menu Toggle\" aria-expanded=\"false\">\n\t\t\t<i aria-hidden=\"true\" role=\"presentation\" class=\"elementor-menu-toggle__icon--open eicon-menu-bar\"><\/i><i aria-hidden=\"true\" role=\"presentation\" class=\"elementor-menu-toggle__icon--close eicon-close\"><\/i>\t\t\t<span class=\"elementor-screen-only\">Menu<\/span>\n\t\t<\/div>\n\t\t\t<nav class=\"elementor-nav-menu--dropdown elementor-nav-menu__container\" role=\"navigation\" aria-hidden=\"true\">\n\t\t\t\t<ul id=\"menu-2-edd82e5\" class=\"elementor-nav-menu sm-vertical\"><li class=\"menu-item menu-item-type-post_type menu-item-object-page menu-item-has-children menu-item-40\"><a href=\"https:\/\/joelingtonrios.com.br\/?page_id=30\" class=\"elementor-item\" tabindex=\"-1\">PORTF\u00d3LIO<\/a>\n<ul class=\"sub-menu elementor-nav-menu--dropdown\">\n\t<li class=\"menu-item menu-item-type-post_type menu-item-object-page menu-item-184\"><a href=\"https:\/\/joelingtonrios.com.br\/?page_id=70\" class=\"elementor-sub-item\" tabindex=\"-1\">Entre rios e mocambos<\/a><\/li>\n\t<li class=\"menu-item menu-item-type-post_type menu-item-object-page menu-item-183\"><a href=\"https:\/\/joelingtonrios.com.br\/?page_id=72\" class=\"elementor-sub-item\" tabindex=\"-1\">O que sustenta o rio<\/a><\/li>\n\t<li class=\"menu-item menu-item-type-post_type menu-item-object-page menu-item-265\"><a href=\"https:\/\/joelingtonrios.com.br\/?page_id=233\" class=\"elementor-sub-item\" tabindex=\"-1\">Um jardim para minhas av\u00f3s<\/a><\/li>\n<\/ul>\n<\/li>\n<li class=\"menu-item menu-item-type-post_type menu-item-object-page menu-item-has-children menu-item-409\"><a href=\"https:\/\/joelingtonrios.com.br\/?page_id=281\" class=\"elementor-item\" tabindex=\"-1\">TEXTOS E PUBLICA\u00c7\u00d5ES<\/a>\n<ul class=\"sub-menu elementor-nav-menu--dropdown\">\n\t<li class=\"menu-item menu-item-type-post_type menu-item-object-page menu-item-408\"><a href=\"https:\/\/joelingtonrios.com.br\/?page_id=353\" class=\"elementor-sub-item\" tabindex=\"-1\">Biografia<\/a><\/li>\n\t<li class=\"menu-item menu-item-type-post_type menu-item-object-page menu-item-411\"><a href=\"https:\/\/joelingtonrios.com.br\/?page_id=272\" class=\"elementor-sub-item\" tabindex=\"-1\">Publica\u00e7\u00f5es<\/a><\/li>\n\t<li class=\"menu-item menu-item-type-post_type menu-item-object-page menu-item-412\"><a href=\"https:\/\/joelingtonrios.com.br\/?page_id=270\" class=\"elementor-sub-item\" tabindex=\"-1\">Textos selecionados<\/a><\/li>\n<\/ul>\n<\/li>\n<li class=\"menu-item menu-item-type-post_type menu-item-object-page menu-item-410\"><a href=\"https:\/\/joelingtonrios.com.br\/?page_id=277\" class=\"elementor-item\" tabindex=\"-1\">MUSEUS E COLE\u00c7\u00d5ES<\/a><\/li>\n<li class=\"menu-item menu-item-type-post_type menu-item-object-page menu-item-549\"><a href=\"https:\/\/joelingtonrios.com.br\/?page_id=511\" class=\"elementor-item\" tabindex=\"-1\">CONTRIBUIDORES<\/a><\/li>\n<li class=\"menu-item menu-item-type-post_type menu-item-object-page menu-item-145\"><a href=\"https:\/\/joelingtonrios.com.br\/?page_id=140\" class=\"elementor-item\" tabindex=\"-1\">CLIPPING<\/a><\/li>\n<li class=\"menu-item menu-item-type-post_type menu-item-object-page menu-item-264\"><a href=\"https:\/\/joelingtonrios.com.br\/?page_id=191\" class=\"elementor-item\" tabindex=\"-1\">V\u00cdDEOS<\/a><\/li>\n<li class=\"menu-item menu-item-type-post_type menu-item-object-page menu-item-38\"><a href=\"https:\/\/joelingtonrios.com.br\/?page_id=36\" class=\"elementor-item\" tabindex=\"-1\">CONTATO<\/a><\/li>\n<\/ul>\t\t\t<\/nav>\n\t\t\t\t\t\t<\/div>\n\t\t\t\t<\/div>\n\t\t\t\t\t<\/div>\n\t\t<\/div>\n\t\t\t\t<div class=\"elementor-column elementor-col-33 elementor-top-column elementor-element elementor-element-fce460a\" data-id=\"fce460a\" data-element_type=\"column\" data-e-type=\"column\">\n\t\t\t<div class=\"elementor-widget-wrap\">\n\t\t\t\t\t\t\t<\/div>\n\t\t<\/div>\n\t\t\t\t<div class=\"elementor-column elementor-col-33 elementor-top-column elementor-element elementor-element-9ffbd23\" data-id=\"9ffbd23\" data-element_type=\"column\" data-e-type=\"column\">\n\t\t\t<div class=\"elementor-widget-wrap elementor-element-populated\">\n\t\t\t\t\t\t<section class=\"elementor-section elementor-inner-section elementor-element elementor-element-7091cf0 elementor-section-full_width elementor-section-height-default elementor-section-height-default\" data-id=\"7091cf0\" data-element_type=\"section\" data-e-type=\"section\">\n\t\t\t\t\t\t<div class=\"elementor-container elementor-column-gap-default\">\n\t\t\t\t\t<div class=\"elementor-column elementor-col-100 elementor-inner-column elementor-element elementor-element-d18e63f\" data-id=\"d18e63f\" data-element_type=\"column\" data-e-type=\"column\">\n\t\t\t<div class=\"elementor-widget-wrap elementor-element-populated\">\n\t\t\t\t\t\t<div class=\"elementor-element elementor-element-1129eb4 elementor-widget elementor-widget-heading\" data-id=\"1129eb4\" data-element_type=\"widget\" data-e-type=\"widget\" data-widget_type=\"heading.default\">\n\t\t\t\t<div class=\"elementor-widget-container\">\n\t\t\t\t\t<h2 class=\"elementor-heading-title elementor-size-default\">BIOGRAFIA<\/h2>\t\t\t\t<\/div>\n\t\t\t\t<\/div>\n\t\t\t\t<div class=\"elementor-element elementor-element-a2b440f elementor-widget elementor-widget-text-editor\" data-id=\"a2b440f\" data-element_type=\"widget\" data-e-type=\"widget\" data-widget_type=\"text-editor.default\">\n\t\t\t\t<div class=\"elementor-widget-container\">\n\t\t\t\t\t\t\t\t\t<p><strong>Turia\u00e7u, MA, 1997.\u00a0Vive e trabalha entre Turia\u00e7u, MA e Rio de Janeiro, RJ<\/strong><\/p><p>Nascido no quilombo Jamary dos Pretos, em Turia\u00e7u\/ MA, 1997, Joelington Rios \u00e9 quilombola e artista visual. Estudou na Escola sem Sitio e atualmente trabalha e mora entre o seu Quilombo no norte do Maranh\u00e3o e no norte do Rio de Janeiro, onde desenvolve pesquisas no campo das artes visuais. Rios combina diferentes t\u00e9cnicas e pr\u00e1ticas art\u00edsticas, misturando fotografia, v\u00eddeo arte, performance, arte sonora, escultura e instala\u00e7\u00f5es. Sua pesquisa tem como objetivo revelar outras corporalidades, criar significado, ressignificar mem\u00f3rias e elaborar outras formas de exist\u00eancia.<\/p>\t\t\t\t\t\t\t\t<\/div>\n\t\t\t\t<\/div>\n\t\t\t\t<div class=\"elementor-element elementor-element-4ed3f2b elementor-widget elementor-widget-text-editor\" data-id=\"4ed3f2b\" data-element_type=\"widget\" data-e-type=\"widget\" data-widget_type=\"text-editor.default\">\n\t\t\t\t<div class=\"elementor-widget-container\">\n\t\t\t\t\t\t\t\t\t<div class=\"page\" title=\"Page 21\"><div class=\"section\"><div class=\"layoutArea\"><div class=\"column\"><p><strong>CV<\/strong><\/p><p>Joelington Rios (1997-Turiac\u0327u, Brazil)<\/p><p><strong><i>Education<br \/><\/i><\/strong>2022 &#8211; Parque Lague Visual Art School.<br \/>2021 &#8211; Escola Sem Sitio, Rio de Janeiro, Brazil.<br \/>2019 &#8211; LABIA. Laborat\u00f3rio de Interven\u00e7\u00e3o Art\u00edstica &#8211; Rio de Janeiro, Brazil.<i><br \/><\/i>2017 &#8211;\u00a0Escola de Fotografia Documental &amp; Comunica\u00e7\u00e3o Cr\u00edtica \u2013 EFOCO, Rio de Janeiro, Brazil.<\/p><p><strong><i>Solo Shows<br \/><\/i><\/strong>2022 &#8211;\u00a0Paraty International Photography Festival<br \/>2020 &#8211;\u00a0Janelas (Windows), Abapir\u00e1, Rio de Janeiro, Brazil. Curated by Beatriz Monteiro.<br \/>2018 &#8211;\u00a0Perspectiva quilombola (A Quilombola Perspective), State School Pedro Alvares Cabral, Rio de Janeiro, Brazil.<span class=\"Apple-converted-space\">\u00a0<br \/><\/span>2017 &#8211;\u00a0Mocambos (Shelters), Municipal School Ieda Viana, Turia\u00e7u, Brazil.<\/p><p><strong>Group Shows<br \/><\/strong>2022 &#8211; Um Defeito de Cor (A Color Defect.), Museu de Arte do Rio, Rio de Janeiro, Brazil. Curated by Amanda Bonan, Ayrson Her\u00e1clito, Ana Maria Machado e Marcelo Campos.<br \/>2022 &#8211; Pontos Cruzados: A intersec\u00e7\u00e3o da Arte Contemporanea e a Obra de Altair Veloso, Sesc S\u00e3o Gon\u00e7alo, Rio de Janeiro. Curated by Carla Santana.<span class=\"Apple-converted-space\">\u00a0<br \/><\/span>2022 &#8211; O que sustenta o Rio, Paraty International Photography Festival, Paraty, Rio de Janeiro, Brazil. Curated by Gian Carlo Mecarelli and Joelington Rios.<br \/>2022 &#8211; Arte como trabalho, estrat\u00e9gias de sobreviv\u00eancia (Art as work, survival strategies), Museu de Hist\u00f3ria e Cultura Afro-Brasileira, Rio De Janeiro, Brazil. Curated by Caroline Rodrigues, Jo\u00e3o Paulo Ovidio, Luana Aguiar e Pricila Medeiros.<br \/>2022 &#8211; Por tudo aquilo que nos representa, Casa Bicho, Rio De Janeiro, Brazil. Curated by Carla Oliveira and Luyza de Luca. Pactos, S\u00e3o Paulo Fashion Week, S\u00e3o Paulo, Brazil. Curated by Carolina Lauriano and Azizi Cypriano.<br \/>2021 &#8211; Diafragma Covilh\u00e3 International Photofestival, Covilh\u00e3, Portugual Nazanza, Escola Nazanza, Escola Sem S\u00edtio, Rio de Janeiro, Brazil.<span class=\"Apple-converted-space\">\u00a0<br \/><\/span>2021 &#8211; Rituels Photographiques\/ Rituels De Resistance &#8211; Um Open Call Photo Documentaire Br\u00e9silienne, Les Rencontres d`Arles, Arles, France.<br \/>2021 &#8211; ArtFair-2021 Inclusartiz Institute Stand, Rio de Janeiro, Brazil. Curated by Paulo Herkenhoff.<br \/>2020 &#8211; Festival de Arte Projetada (Projected art Festival) (MOV FESTIVAL), Rio de Janeiro, Brazil<span class=\"Apple-converted-space\">\u00a0<br \/><\/span>2020 &#8211; Pequeno Encontro Da Fotografia (Small Photography Meeting) (PEF), Pernambuco, Brazil. (online).<br \/>2020 &#8211; Festival de Fotografia de Tiradentes, (Tiradentes Photography Festival), Tiradentes, Minas Gerais. (online).<br \/>2019 &#8211; Heran\u00e7a e Futuro (Heritage and future), Instituto de Pesquisa Economica Aplicada, Rio de Janeiro, Brazil. Curated by Marco Antonio Teobaldo, Rafael Lino Braga and Thais Rocha.<br \/>2019 &#8211; Movimento de Arte Favelada (MAF) (\u201cFavela Art Movement\u201d), Rocinha, Rio de Janeiro, Brazil.<br \/>2019 &#8211; III Encontro de Fotografia da Zona Oeste (ENFOTO), (3rd Photography Meeting from the West Region), Rio de Janeiro, Brazil.<br \/>2019 &#8211; Convidados (Guests), Galeria Oriente, Rio de Janeiro, Brazil.<br \/>2019 &#8211; Pol\u00edtica e Performatividade das Imagens (Politics and Performance of Images) (LabFoto), State University of Rio de Janeiro (UERJ), Rio de Janeiro, Brazil.<br \/>2018 &#8211; Fotografia+Cidadania (Photography+Citizenship), International Photography Festival of Rio de Janeiro, Brazil.<br \/>2018 &#8211; Heran\u00e7a e Futuro (Heritage and future), Instituto de Pesquisa e Memoria Pretos Novos (IPN), Rio de Janeiro, Brazil. Curated by Marco Antonio Teobaldo, Rafael Lino Braga and Thais Rocha.<br \/>2018 &#8211; Heran\u00e7a e Futuro (Heritage and Future), Instituto de pesquisa Econ\u00f4mica Aplicada,In (IPEA), Rio de Janeiro, Brazil. Curated by Marco Antonio Teobaldo, Rafael Lino Braga and Thais Rocha.<\/p><p><strong>AWARDS<br \/><\/strong>2022 &#8211; Nominated for the PIPA 2022 Ward.<br \/>2022 &#8211; Instiga. Centro Cultural Vale Maranh\u00e3o, Brazil.<br \/>2021 &#8211; Imers\u00f5es Po\u00e9ticas (Poetic Immersions). Escola Sem S\u00edtio, Rio de Janeiro, Brazil. 2021- Nazanza. Escola Sem S\u00edtio, Rio de Janeiro, Brazil.<br \/>2019 &#8211; Tempos Urbanos (Urban Times). Oi Kabum Lab, Rio de Janeiro, Brazil.<br \/>2019 &#8211; Algo(no) ritmo (Something in the algo [rhythm]). Oi Kabum Lab, Rio de Janeiro, Brazil.<span class=\"Apple-converted-space\">\u00a0<br \/><\/span>2019 &#8211; Arte Contempor\u00e2nea (Contemporary Art). Oi Kabum Lab, Rio de Janeiro, Brazil.<br \/>2019 &#8211; Shortlisted for the<br \/>2019 Pierre Verger Award. Workshops<br \/>2017 &#8211; Fotografia, Periferia E Mem\u00f3ria (Photography, Outskirts and Memory). Philosophy and Human Sciences Center of UFRJ, Rio de Janeiro, Brazil.<br \/>2017 &#8211; A Beleza de Cada Um (The Beauty of Each One): J.R. Ripper. Philosophy and Human Sciences Center of UFRJ, Rio de Janeiro, Brazil.<\/p><p><strong>Art Fairs<br \/><\/strong>2022 &#8211;<span class=\"Apple-converted-space\">\u00a0 <\/span>Luciana Caravello Galeria de arte contempor\u00e2nea Stand, S\u00e3o Paulo, Brazil. S\u00e3o Paulo ArtFair. (SP-ART).<br \/>2021 &#8211; Luciana Caravello Galeria de arte contempor\u00e2nea Stand, S\u00e3o Paulo, Brazil. S\u00e3o Paulo ArtFair. (SP-ART)<span class=\"Apple-converted-space\"><br \/><\/span>2021 &#8211; Rio de Janeiro ArtFair-2021. (ART-RIO) Inclusartiz Institute Stand, Rio de Janeiro, Brazil .<\/p><\/div><\/div><\/div><\/div>\t\t\t\t\t\t\t\t<\/div>\n\t\t\t\t<\/div>\n\t\t\t\t\t<\/div>\n\t\t<\/div>\n\t\t\t\t\t<\/div>\n\t\t<\/section>\n\t\t\t\t\t<\/div>\n\t\t<\/div>\n\t\t\t\t\t<\/div>\n\t\t<\/section>\n\t\t\t\t<\/div>\n\t\t","protected":false},"excerpt":{"rendered":"<p>BIOGRAFIA Turia\u00e7u, MA, 1997.\u00a0Vive e trabalha entre Turia\u00e7u, MA e Rio de Janeiro, RJ Nascido no quilombo Jamary dos Pretos, em Turia\u00e7u\/ MA, 1997, Joelington Rios \u00e9 quilombola e artista visual. Estudou na Escola sem Sitio e atualmente trabalha e mora entre o seu Quilombo no norte do Maranh\u00e3o e no norte do Rio de&hellip;&nbsp;<a href=\"https:\/\/joelingtonrios.com.br\/?page_id=353\" rel=\"bookmark\">Ler mais &raquo;<span class=\"screen-reader-text\">Biografia<\/span><\/a><\/p>\n","protected":false},"author":2,"featured_media":0,"parent":0,"menu_order":0,"comment_status":"closed","ping_status":"closed","template":"page-templates\/template-pagebuilder-full-width.php","meta":{"neve_meta_sidebar":"","neve_meta_container":"","neve_meta_enable_content_width":"","neve_meta_content_width":0,"neve_meta_title_alignment":"","neve_meta_author_avatar":"","neve_post_elements_order":"","neve_meta_disable_header":"","neve_meta_disable_footer":"","neve_meta_disable_title":"","footnotes":""},"class_list":["post-353","page","type-page","status-publish","hentry"],"_links":{"self":[{"href":"https:\/\/joelingtonrios.com.br\/index.php?rest_route=\/wp\/v2\/pages\/353","targetHints":{"allow":["GET"]}}],"collection":[{"href":"https:\/\/joelingtonrios.com.br\/index.php?rest_route=\/wp\/v2\/pages"}],"about":[{"href":"https:\/\/joelingtonrios.com.br\/index.php?rest_route=\/wp\/v2\/types\/page"}],"author":[{"embeddable":true,"href":"https:\/\/joelingtonrios.com.br\/index.php?rest_route=\/wp\/v2\/users\/2"}],"replies":[{"embeddable":true,"href":"https:\/\/joelingtonrios.com.br\/index.php?rest_route=%2Fwp%2Fv2%2Fcomments&post=353"}],"version-history":[{"count":16,"href":"https:\/\/joelingtonrios.com.br\/index.php?rest_route=\/wp\/v2\/pages\/353\/revisions"}],"predecessor-version":[{"id":476,"href":"https:\/\/joelingtonrios.com.br\/index.php?rest_route=\/wp\/v2\/pages\/353\/revisions\/476"}],"wp:attachment":[{"href":"https:\/\/joelingtonrios.com.br\/index.php?rest_route=%2Fwp%2Fv2%2Fmedia&parent=353"}],"curies":[{"name":"wp","href":"https:\/\/api.w.org\/{rel}","templated":true}]}}